{"id":3504,"date":"2021-11-09T16:03:56","date_gmt":"2021-11-09T15:03:56","guid":{"rendered":"https:\/\/www.casadesachards.fr\/conditions-generales-de-vente\/"},"modified":"2026-02-15T15:24:37","modified_gmt":"2026-02-15T14:24:37","slug":"conditions-generales-de-vente","status":"publish","type":"page","link":"https:\/\/www.casadesachards.fr\/en\/conditions-generales-de-vente\/","title":{"rendered":"Conditions G\u00e9n\u00e9rales de Vente"},"content":{"rendered":"","protected":false},"excerpt":{"rendered":"","protected":false},"author":1,"featured_media":0,"parent":0,"menu_order":0,"comment_status":"closed","ping_status":"closed","template":"","meta":{"_uf_show_specific_survey":0,"_uf_disable_surveys":false,"footnotes":""},"class_list":["post-3504","page","type-page","status-publish"],"yoast_head":"<!-- This site is optimized with the Yoast SEO plugin v27.2 - https:\/\/yoast.com\/product\/yoast-seo-wordpress\/ -->\n<title>Conditions G\u00e9n\u00e9rales de Vente - La Casa des Achards<\/title>\n<meta name=\"robots\" content=\"index, follow, max-snippet:-1, max-image-preview:large, max-video-preview:-1\" \/>\n<link rel=\"canonical\" href=\"https:\/\/www.casadesachards.fr\/en\/conditions-generales-de-vente\/\" \/>\n<meta property=\"og:locale\" content=\"en_US\" \/>\n<meta property=\"og:type\" content=\"article\" \/>\n<meta property=\"og:title\" content=\"Conditions G\u00e9n\u00e9rales de Vente - La Casa des Achards\" \/>\n<meta property=\"og:url\" content=\"https:\/\/www.casadesachards.fr\/en\/conditions-generales-de-vente\/\" \/>\n<meta property=\"og:site_name\" content=\"La Casa des Achards\" \/>\n<meta property=\"article:modified_time\" content=\"2026-02-15T14:24:37+00:00\" \/>\n<meta name=\"twitter:card\" content=\"summary_large_image\" \/>\n<script type=\"application\/ld+json\" class=\"yoast-schema-graph\">{\"@context\":\"https:\/\/schema.org\",\"@graph\":[{\"@type\":\"WebPage\",\"@id\":\"https:\/\/www.casadesachards.fr\/en\/conditions-generales-de-vente\/\",\"url\":\"https:\/\/www.casadesachards.fr\/en\/conditions-generales-de-vente\/\",\"name\":\"Conditions G\u00e9n\u00e9rales de Vente - La Casa des Achards\",\"isPartOf\":{\"@id\":\"https:\/\/www.casadesachards.fr\/#website\"},\"datePublished\":\"2021-11-09T15:03:56+00:00\",\"dateModified\":\"2026-02-15T14:24:37+00:00\",\"breadcrumb\":{\"@id\":\"https:\/\/www.casadesachards.fr\/en\/conditions-generales-de-vente\/#breadcrumb\"},\"inLanguage\":\"en-US\",\"potentialAction\":[{\"@type\":\"ReadAction\",\"target\":[\"https:\/\/www.casadesachards.fr\/en\/conditions-generales-de-vente\/\"]}]},{\"@type\":\"BreadcrumbList\",\"@id\":\"https:\/\/www.casadesachards.fr\/en\/conditions-generales-de-vente\/#breadcrumb\",\"itemListElement\":[{\"@type\":\"ListItem\",\"position\":1,\"name\":\"Accueil\",\"item\":\"https:\/\/www.casadesachards.fr\/en\/\"},{\"@type\":\"ListItem\",\"position\":2,\"name\":\"Conditions G\u00e9n\u00e9rales de Vente\"}]},{\"@type\":\"WebSite\",\"@id\":\"https:\/\/www.casadesachards.fr\/#website\",\"url\":\"https:\/\/www.casadesachards.fr\/\",\"name\":\"La Casa des Achards\",\"description\":\"G\u00eete et chambres d&#039;h\u00f4tes dans le Tri\u00e8ves\",\"potentialAction\":[{\"@type\":\"SearchAction\",\"target\":{\"@type\":\"EntryPoint\",\"urlTemplate\":\"https:\/\/www.casadesachards.fr\/?s={search_term_string}\"},\"query-input\":{\"@type\":\"PropertyValueSpecification\",\"valueRequired\":true,\"valueName\":\"search_term_string\"}}],\"inLanguage\":\"en-US\"}]}<\/script>\n<!-- \/ Yoast SEO plugin. -->","yoast_head_json":{"title":"Conditions G\u00e9n\u00e9rales de Vente - La Casa des Achards","robots":{"index":"index","follow":"follow","max-snippet":"max-snippet:-1","max-image-preview":"max-image-preview:large","max-video-preview":"max-video-preview:-1"},"canonical":"https:\/\/www.casadesachards.fr\/en\/conditions-generales-de-vente\/","og_locale":"en_US","og_type":"article","og_title":"Conditions G\u00e9n\u00e9rales de Vente - La Casa des Achards","og_url":"https:\/\/www.casadesachards.fr\/en\/conditions-generales-de-vente\/","og_site_name":"La Casa des Achards","article_modified_time":"2026-02-15T14:24:37+00:00","twitter_card":"summary_large_image","schema":{"@context":"https:\/\/schema.org","@graph":[{"@type":"WebPage","@id":"https:\/\/www.casadesachards.fr\/en\/conditions-generales-de-vente\/","url":"https:\/\/www.casadesachards.fr\/en\/conditions-generales-de-vente\/","name":"Conditions G\u00e9n\u00e9rales de Vente - La Casa des Achards","isPartOf":{"@id":"https:\/\/www.casadesachards.fr\/#website"},"datePublished":"2021-11-09T15:03:56+00:00","dateModified":"2026-02-15T14:24:37+00:00","breadcrumb":{"@id":"https:\/\/www.casadesachards.fr\/en\/conditions-generales-de-vente\/#breadcrumb"},"inLanguage":"en-US","potentialAction":[{"@type":"ReadAction","target":["https:\/\/www.casadesachards.fr\/en\/conditions-generales-de-vente\/"]}]},{"@type":"BreadcrumbList","@id":"https:\/\/www.casadesachards.fr\/en\/conditions-generales-de-vente\/#breadcrumb","itemListElement":[{"@type":"ListItem","position":1,"name":"Accueil","item":"https:\/\/www.casadesachards.fr\/en\/"},{"@type":"ListItem","position":2,"name":"Conditions G\u00e9n\u00e9rales de Vente"}]},{"@type":"WebSite","@id":"https:\/\/www.casadesachards.fr\/#website","url":"https:\/\/www.casadesachards.fr\/","name":"La Casa des Achards","description":"G\u00eete et chambres d&#039;h\u00f4tes dans le Tri\u00e8ves","potentialAction":[{"@type":"SearchAction","target":{"@type":"EntryPoint","urlTemplate":"https:\/\/www.casadesachards.fr\/?s={search_term_string}"},"query-input":{"@type":"PropertyValueSpecification","valueRequired":true,"valueName":"search_term_string"}}],"inLanguage":"en-US"}]}},"_links":{"self":[{"href":"https:\/\/www.casadesachards.fr\/en\/wp-json\/wp\/v2\/pages\/3504","targetHints":{"allow":["GET"]}}],"collection":[{"href":"https:\/\/www.casadesachards.fr\/en\/wp-json\/wp\/v2\/pages"}],"about":[{"href":"https:\/\/www.casadesachards.fr\/en\/wp-json\/wp\/v2\/types\/page"}],"author":[{"embeddable":true,"href":"https:\/\/www.casadesachards.fr\/en\/wp-json\/wp\/v2\/users\/1"}],"replies":[{"embeddable":true,"href":"https:\/\/www.casadesachards.fr\/en\/wp-json\/wp\/v2\/comments?post=3504"}],"version-history":[{"count":1,"href":"https:\/\/www.casadesachards.fr\/en\/wp-json\/wp\/v2\/pages\/3504\/revisions"}],"predecessor-version":[{"id":3505,"href":"https:\/\/www.casadesachards.fr\/en\/wp-json\/wp\/v2\/pages\/3504\/revisions\/3505"}],"wp:attachment":[{"href":"https:\/\/www.casadesachards.fr\/en\/wp-json\/wp\/v2\/media?parent=3504"}],"curies":[{"name":"wp","href":"https:\/\/api.w.org\/{rel}","templated":true}]}}